{"id":7,"date":"2014-03-18T10:03:13","date_gmt":"2014-03-18T10:03:13","guid":{"rendered":"http:\/\/the7.dream-demo.com\/business\/?page_id=7"},"modified":"2019-01-04T06:21:57","modified_gmt":"2019-01-04T06:21:57","slug":"aktivitaeten","status":"publish","type":"page","link":"https:\/\/bedandbreakfastschlaraffenland.ch\/index.php\/aktivitaeten\/","title":{"rendered":"Aktivit\u00e4ten"},"content":{"rendered":"<p>[vc_row css=&#8220;.vc_custom_1529688263758{padding-top: 80px !important;padding-bottom: 80px !important;}&#8220;][vc_column offset=&#8220;vc_col-lg-offset-0&#8243;][vc_column_text]<\/p>\n<h2>Das Emmental rund um das Schlaraffenland bietet Ihnen viele attraktive Gelegenheiten um die Gegend und die Leute kennen zu lernen. Wir haben ihnen ein paar Vorschl\u00e4ge gemacht was sie unternehmen k\u00f6nnen.<\/h2>\n<p>[\/vc_column_text][\/vc_column][\/vc_row][vc_row][vc_column]<div class=\"dt-shortcode with-isotope\"><div class=\"wf-container dt-portfolio-shortcode resize-by-browser-width loading-effect-none iso-grid bg-under-post description-under-image content-align-left\" data-padding=\"20px\" data-cur-page=\"1\" data-posts-per-page=\"-1\" data-desktop-columns-num=\"3\" data-v-tablet-columns-num=\"2\" data-h-tablet-columns-num=\"2\" data-phone-columns-num=\"1\" data-width=\"370px\" data-columns=\"2\">\n<div class=\"wf-cell\" data-post-id=\"2601\" data-date=\"2019-01-03T05:59:36+00:00\" data-name=\"Velo- und Biketouren\">\n<article class=\"post post-2601 dt_portfolio type-dt_portfolio status-publish has-post-thumbnail hentry dt_portfolio_category-allgemein dt_portfolio_category-29 bg-on\">\n\n\t<div class=\"project-list-media\">\n\t<figure class=\"buttons-on-img rollover-active\">\n\t\t<a href=\"https:\/\/bedandbreakfastschlaraffenland.ch\/index.php\/project\/das-waldhuesli-3-2-2-2-2-2-2\/\" class=\"alignnone rollover layzr-bg\" title=\"testimonial3\" ><img loading=\"lazy\" decoding=\"async\" class=\"iso-lazy-load preload-me\" src=\"data:image\/svg+xml,%3Csvg%20xmlns%3D&#39;http%3A%2F%2Fwww.w3.org%2F2000%2Fsvg&#39;%20viewBox%3D&#39;0%200%20400%20299&#39;%2F%3E\" data-src=\"https:\/\/bedandbreakfastschlaraffenland.ch\/wp-content\/uploads\/2019\/01\/testimonial3-400x299.jpg\" data-srcset=\"https:\/\/bedandbreakfastschlaraffenland.ch\/wp-content\/uploads\/2019\/01\/testimonial3-400x299.jpg 400w\" alt=\"\" width=\"400\" height=\"299\"  \/><\/a>\t\t\t\t<figcaption class=\"rollover-content\">\n\t\t\t<div class=\"links-container\"><a href=\"https:\/\/bedandbreakfastschlaraffenland.ch\/index.php\/project\/das-waldhuesli-3-2-2-2-2-2-2\/\" class=\"project-details\">Details<\/a><\/div>\t\t<\/figcaption>\n\t\t\t<\/figure>\n<\/div>\n<div class=\"project-list-content\">\n\t<h3 class=\"entry-title\"><a href=\"https:\/\/bedandbreakfastschlaraffenland.ch\/index.php\/project\/das-waldhuesli-3-2-2-2-2-2-2\/\" title=\"Velo- und Biketouren\" rel=\"bookmark\">Velo- und Biketouren<\/a><\/h3><p>[vc_row][vc_column][\/vc_column][\/vc_row][vc_row][vc_column][vc_column_text] Das Emmental ist eine \u00fcberaus ansprechende Region mit vielen attraktiven Routen und Touren. Verschiedene Vorschl\u00e4ge findet man auf den<\/p>\n<\/div>\n<\/article>\n\n<\/div>\n<div class=\"wf-cell\" data-post-id=\"2599\" data-date=\"2019-01-03T05:58:44+00:00\" data-name=\"Wandern\">\n<article class=\"post post-2599 dt_portfolio type-dt_portfolio status-publish has-post-thumbnail hentry dt_portfolio_category-allgemein dt_portfolio_category-29 bg-on\">\n\n\t<div class=\"project-list-media\">\n\t<figure class=\"buttons-on-img rollover-active\">\n\t\t<a href=\"https:\/\/bedandbreakfastschlaraffenland.ch\/index.php\/project\/das-waldhuesli-3-2-2-2-2-2\/\" class=\"alignnone rollover layzr-bg\" title=\"wandern\" ><img loading=\"lazy\" decoding=\"async\" class=\"iso-lazy-load preload-me\" src=\"data:image\/svg+xml,%3Csvg%20xmlns%3D&#39;http%3A%2F%2Fwww.w3.org%2F2000%2Fsvg&#39;%20viewBox%3D&#39;0%200%20555%20416&#39;%2F%3E\" data-src=\"https:\/\/bedandbreakfastschlaraffenland.ch\/wp-content\/uploads\/2019\/01\/wandern-555x416.jpg\" data-srcset=\"https:\/\/bedandbreakfastschlaraffenland.ch\/wp-content\/uploads\/2019\/01\/wandern-555x416.jpg 555w, https:\/\/bedandbreakfastschlaraffenland.ch\/wp-content\/uploads\/2019\/01\/wandern-1067x800.jpg 1067w\" alt=\"\" width=\"555\" height=\"416\"  \/><\/a>\t\t\t\t<figcaption class=\"rollover-content\">\n\t\t\t<div class=\"links-container\"><a href=\"https:\/\/bedandbreakfastschlaraffenland.ch\/index.php\/project\/das-waldhuesli-3-2-2-2-2-2\/\" class=\"project-details\">Details<\/a><\/div>\t\t<\/figcaption>\n\t\t\t<\/figure>\n<\/div>\n<div class=\"project-list-content\">\n\t<h3 class=\"entry-title\"><a href=\"https:\/\/bedandbreakfastschlaraffenland.ch\/index.php\/project\/das-waldhuesli-3-2-2-2-2-2\/\" title=\"Wandern\" rel=\"bookmark\">Wandern<\/a><\/h3><p>[vc_row][vc_column][\/vc_column][\/vc_row][vc_row][vc_column][vc_column_text] Ab dem Waldh\u00fcsli l\u00e4sst es sich hervorragend wandern. Ziehen sie sich die Wanderschuhe an legen sie den Rucksack an und los geht\u2019s!<\/p>\n<\/div>\n<\/article>\n\n<\/div>\n<div class=\"wf-cell\" data-post-id=\"2597\" data-date=\"2019-01-03T05:57:45+00:00\" data-name=\"Ausfl\u00fcge\">\n<article class=\"post post-2597 dt_portfolio type-dt_portfolio status-publish has-post-thumbnail hentry dt_portfolio_category-allgemein dt_portfolio_category-startseite dt_portfolio_category-29 dt_portfolio_category-30 bg-on\">\n\n\t<div class=\"project-list-media\">\n\t<figure class=\"buttons-on-img rollover-active\">\n\t\t<a href=\"https:\/\/bedandbreakfastschlaraffenland.ch\/index.php\/project\/das-waldhuesli-3-2-2-2-2\/\" class=\"alignnone rollover layzr-bg\" title=\"schauk\u00e4serei\" ><img loading=\"lazy\" decoding=\"async\" class=\"iso-lazy-load preload-me\" src=\"data:image\/svg+xml,%3Csvg%20xmlns%3D&#39;http%3A%2F%2Fwww.w3.org%2F2000%2Fsvg&#39;%20viewBox%3D&#39;0%200%20555%20416&#39;%2F%3E\" data-src=\"https:\/\/bedandbreakfastschlaraffenland.ch\/wp-content\/uploads\/2019\/01\/schauk\u00e4serei-555x416.jpg\" data-srcset=\"https:\/\/bedandbreakfastschlaraffenland.ch\/wp-content\/uploads\/2019\/01\/schauk\u00e4serei-555x416.jpg 555w, https:\/\/bedandbreakfastschlaraffenland.ch\/wp-content\/uploads\/2019\/01\/schauk\u00e4serei-800x600.jpg 800w\" alt=\"\" width=\"555\" height=\"416\"  \/><\/a>\t\t\t\t<figcaption class=\"rollover-content\">\n\t\t\t<div class=\"links-container\"><a href=\"https:\/\/bedandbreakfastschlaraffenland.ch\/index.php\/project\/das-waldhuesli-3-2-2-2-2\/\" class=\"project-details\">Details<\/a><\/div>\t\t<\/figcaption>\n\t\t\t<\/figure>\n<\/div>\n<div class=\"project-list-content\">\n\t<h3 class=\"entry-title\"><a href=\"https:\/\/bedandbreakfastschlaraffenland.ch\/index.php\/project\/das-waldhuesli-3-2-2-2-2\/\" title=\"Ausfl\u00fcge\" rel=\"bookmark\">Ausfl\u00fcge<\/a><\/h3><p>[vc_row][vc_column][\/vc_column][\/vc_row][vc_row][vc_column][vc_column_text] Besuchen sie die Emmentaler Schauk\u00e4serei in Affoltern \u2013 und sehen sie direkt vor Ort, wie unser weltber\u00fchmter Emmentaler K\u00e4se hergestellt wird.<\/p>\n<\/div>\n<\/article>\n\n<\/div>\n<div class=\"wf-cell\" data-post-id=\"2595\" data-date=\"2019-01-03T05:56:47+00:00\" data-name=\"Ausw\u00e4rts Essen\">\n<article class=\"post post-2595 dt_portfolio type-dt_portfolio status-publish has-post-thumbnail hentry dt_portfolio_category-allgemein dt_portfolio_category-startseite dt_portfolio_category-29 dt_portfolio_category-30 bg-on\">\n\n\t<div class=\"project-list-media\">\n\t<figure class=\"buttons-on-img rollover-active\">\n\t\t<a href=\"https:\/\/bedandbreakfastschlaraffenland.ch\/index.php\/project\/das-waldhuesli-3-2-2-2\/\" class=\"alignnone rollover layzr-bg\" title=\"kemmeriboden\" ><img loading=\"lazy\" decoding=\"async\" class=\"iso-lazy-load preload-me\" src=\"data:image\/svg+xml,%3Csvg%20xmlns%3D&#39;http%3A%2F%2Fwww.w3.org%2F2000%2Fsvg&#39;%20viewBox%3D&#39;0%200%20555%20416&#39;%2F%3E\" data-src=\"https:\/\/bedandbreakfastschlaraffenland.ch\/wp-content\/uploads\/2019\/01\/kemmeriboden-555x416.jpg\" data-srcset=\"https:\/\/bedandbreakfastschlaraffenland.ch\/wp-content\/uploads\/2019\/01\/kemmeriboden-555x416.jpg 555w, https:\/\/bedandbreakfastschlaraffenland.ch\/wp-content\/uploads\/2019\/01\/kemmeriboden-1110x832.jpg 1110w\" alt=\"\" width=\"555\" height=\"416\"  \/><\/a>\t\t\t\t<figcaption class=\"rollover-content\">\n\t\t\t<div class=\"links-container\"><a href=\"https:\/\/bedandbreakfastschlaraffenland.ch\/index.php\/project\/das-waldhuesli-3-2-2-2\/\" class=\"project-details\">Details<\/a><\/div>\t\t<\/figcaption>\n\t\t\t<\/figure>\n<\/div>\n<div class=\"project-list-content\">\n\t<h3 class=\"entry-title\"><a href=\"https:\/\/bedandbreakfastschlaraffenland.ch\/index.php\/project\/das-waldhuesli-3-2-2-2\/\" title=\"Ausw\u00e4rts Essen\" rel=\"bookmark\">Ausw\u00e4rts Essen<\/a><\/h3><p>[vc_row][vc_column][\/vc_column][\/vc_row][vc_row][vc_column][vc_column_text] Das Emmental ist seit Gotthelf bekannt f\u00fcr seine w\u00e4hrschafte, gute K\u00fcche. In fast allen Wirtschaften und Gasth\u00e4user der Region bekommt man gutes und<\/p>\n<\/div>\n<\/article>\n\n<\/div>\n<div class=\"wf-cell\" data-post-id=\"2593\" data-date=\"2019-01-03T05:55:51+00:00\" data-name=\"Erlebnisse\">\n<article class=\"post post-2593 dt_portfolio type-dt_portfolio status-publish has-post-thumbnail hentry dt_portfolio_category-allgemein dt_portfolio_category-startseite dt_portfolio_category-29 dt_portfolio_category-30 bg-on\">\n\n\t<div class=\"project-list-media\">\n\t<figure class=\"buttons-on-img rollover-active\">\n\t\t<a href=\"https:\/\/bedandbreakfastschlaraffenland.ch\/index.php\/project\/das-waldhuesli-3-2-2\/\" class=\"alignnone rollover layzr-bg\" title=\"kambly\" ><img loading=\"lazy\" decoding=\"async\" class=\"iso-lazy-load preload-me\" src=\"data:image\/svg+xml,%3Csvg%20xmlns%3D&#39;http%3A%2F%2Fwww.w3.org%2F2000%2Fsvg&#39;%20viewBox%3D&#39;0%200%20555%20416&#39;%2F%3E\" data-src=\"https:\/\/bedandbreakfastschlaraffenland.ch\/wp-content\/uploads\/2019\/01\/kambly-555x416.jpg\" data-srcset=\"https:\/\/bedandbreakfastschlaraffenland.ch\/wp-content\/uploads\/2019\/01\/kambly-555x416.jpg 555w, https:\/\/bedandbreakfastschlaraffenland.ch\/wp-content\/uploads\/2019\/01\/kambly-1110x832.jpg 1110w\" alt=\"\" width=\"555\" height=\"416\"  \/><\/a>\t\t\t\t<figcaption class=\"rollover-content\">\n\t\t\t<div class=\"links-container\"><a href=\"https:\/\/bedandbreakfastschlaraffenland.ch\/index.php\/project\/das-waldhuesli-3-2-2\/\" class=\"project-details\">Details<\/a><\/div>\t\t<\/figcaption>\n\t\t\t<\/figure>\n<\/div>\n<div class=\"project-list-content\">\n\t<h3 class=\"entry-title\"><a href=\"https:\/\/bedandbreakfastschlaraffenland.ch\/index.php\/project\/das-waldhuesli-3-2-2\/\" title=\"Erlebnisse\" rel=\"bookmark\">Erlebnisse<\/a><\/h3><p>[vc_row][vc_column][\/vc_column][\/vc_row][vc_row][vc_column][vc_column_text] Kambly in Trubschachen ist eine Institution im Emmental. Seine G\u00fcetzi sind weit \u00fcber unsere Landesgrenzen hinweg bekannt! Ein Besuch in der Kambly Erlebniswelt<\/p>\n<\/div>\n<\/article>\n\n<\/div>\n<div class=\"wf-cell\" data-post-id=\"2591\" data-date=\"2019-01-03T05:55:06+00:00\" data-name=\"Metzgereien\">\n<article class=\"post post-2591 dt_portfolio type-dt_portfolio status-publish has-post-thumbnail hentry dt_portfolio_category-allgemein dt_portfolio_category-startseite dt_portfolio_category-29 dt_portfolio_category-30 bg-on\">\n\n\t<div class=\"project-list-media\">\n\t<figure class=\"buttons-on-img rollover-active\">\n\t\t<a href=\"https:\/\/bedandbreakfastschlaraffenland.ch\/index.php\/project\/das-waldhuesli-3-2\/\" class=\"alignnone rollover layzr-bg\" title=\"metzgerei\" ><img loading=\"lazy\" decoding=\"async\" class=\"iso-lazy-load preload-me\" src=\"data:image\/svg+xml,%3Csvg%20xmlns%3D&#39;http%3A%2F%2Fwww.w3.org%2F2000%2Fsvg&#39;%20viewBox%3D&#39;0%200%20555%20416&#39;%2F%3E\" data-src=\"https:\/\/bedandbreakfastschlaraffenland.ch\/wp-content\/uploads\/2019\/01\/metzgerei-555x416.jpg\" data-srcset=\"https:\/\/bedandbreakfastschlaraffenland.ch\/wp-content\/uploads\/2019\/01\/metzgerei-555x416.jpg 555w, https:\/\/bedandbreakfastschlaraffenland.ch\/wp-content\/uploads\/2019\/01\/metzgerei-762x571.jpg 762w\" alt=\"\" width=\"555\" height=\"416\"  \/><\/a>\t\t\t\t<figcaption class=\"rollover-content\">\n\t\t\t<div class=\"links-container\"><a href=\"https:\/\/bedandbreakfastschlaraffenland.ch\/index.php\/project\/das-waldhuesli-3-2\/\" class=\"project-details\">Details<\/a><\/div>\t\t<\/figcaption>\n\t\t\t<\/figure>\n<\/div>\n<div class=\"project-list-content\">\n\t<h3 class=\"entry-title\"><a href=\"https:\/\/bedandbreakfastschlaraffenland.ch\/index.php\/project\/das-waldhuesli-3-2\/\" title=\"Metzgereien\" rel=\"bookmark\">Metzgereien<\/a><\/h3><p>[vc_row][vc_column][\/vc_column][\/vc_row][vc_row][vc_column][vc_column_text] Sicher werden sie zum Br\u00e4tlen ein feines Pl\u00e4tzli oder eine saftige Wurst ben\u00f6tigen. Alle Metzgereien im Emmental stellen ihre eigenen Produkte her.<\/p>\n<\/div>\n<\/article>\n\n<\/div>\n<div class=\"wf-cell\" data-post-id=\"2588\" data-date=\"2019-01-03T05:54:14+00:00\" data-name=\"K\u00e4se und Anken\">\n<article class=\"post post-2588 dt_portfolio type-dt_portfolio status-publish has-post-thumbnail hentry dt_portfolio_category-allgemein dt_portfolio_category-startseite dt_portfolio_category-29 dt_portfolio_category-30 bg-on\">\n\n\t<div class=\"project-list-media\">\n\t<figure class=\"buttons-on-img rollover-active\">\n\t\t<a href=\"https:\/\/bedandbreakfastschlaraffenland.ch\/index.php\/project\/das-waldhuesli-3\/\" class=\"alignnone rollover layzr-bg\" title=\"kaese-huepfenboden\" ><img loading=\"lazy\" decoding=\"async\" class=\"iso-lazy-load preload-me\" src=\"data:image\/svg+xml,%3Csvg%20xmlns%3D&#39;http%3A%2F%2Fwww.w3.org%2F2000%2Fsvg&#39;%20viewBox%3D&#39;0%200%20555%20416&#39;%2F%3E\" data-src=\"https:\/\/bedandbreakfastschlaraffenland.ch\/wp-content\/uploads\/2019\/01\/kaese-huepfenboden-555x416.jpg\" data-srcset=\"https:\/\/bedandbreakfastschlaraffenland.ch\/wp-content\/uploads\/2019\/01\/kaese-huepfenboden-555x416.jpg 555w, https:\/\/bedandbreakfastschlaraffenland.ch\/wp-content\/uploads\/2019\/01\/kaese-huepfenboden-616x462.jpg 616w\" alt=\"\" width=\"555\" height=\"416\"  \/><\/a>\t\t\t\t<figcaption class=\"rollover-content\">\n\t\t\t<div class=\"links-container\"><a href=\"https:\/\/bedandbreakfastschlaraffenland.ch\/index.php\/project\/das-waldhuesli-3\/\" class=\"project-details\">Details<\/a><\/div>\t\t<\/figcaption>\n\t\t\t<\/figure>\n<\/div>\n<div class=\"project-list-content\">\n\t<h3 class=\"entry-title\"><a href=\"https:\/\/bedandbreakfastschlaraffenland.ch\/index.php\/project\/das-waldhuesli-3\/\" title=\"K\u00e4se und Anken\" rel=\"bookmark\">K\u00e4se und Anken<\/a><\/h3><p>[vc_row][vc_column][\/vc_column][\/vc_row][vc_row][vc_column][vc_column_text] In fast in jedem Dorf gibt es noch eine K\u00e4serei welche vor Ort K\u00e4se und Anken (Butter) herstellt. Am besten man fragt direkt vor Ort nach Spezialit\u00e4ten.<\/p>\n<\/div>\n<\/article>\n\n<\/div><\/div><\/div>[\/vc_column][\/vc_row][vc_row][vc_column][vc_empty_space height=&#8220;60px&#8220;][\/vc_column][\/vc_row]<\/p>\n","protected":false},"excerpt":{"rendered":"<p>[vc_row css=&#8220;.vc_custom_1529688263758{padding-top: 80px !important;padding-bottom: 80px !important;}&#8220;][vc_column offset=&#8220;vc_col-lg-offset-0&#8243;][vc_column_text] Das Emmental rund um das Schlaraffenland bietet Ihnen viele attraktive Gelegenheiten um die Gegend und die Leute kennen zu lernen. Wir haben ihnen ein paar Vorschl\u00e4ge gemacht was sie unternehmen k\u00f6nnen. [\/vc_column_text][\/vc_column][\/vc_row][vc_row][vc_column][\/vc_column][\/vc_row][vc_row][vc_column][vc_empty_space height=&#8220;60px&#8220;][\/vc_column][\/vc_row]<\/p>\n","protected":false},"author":1,"featured_media":0,"parent":0,"menu_order":20,"comment_status":"closed","ping_status":"closed","template":"","meta":[],"class_list":["post-7","page","type-page","status-publish","hentry","description-off"],"_links":{"self":[{"href":"https:\/\/bedandbreakfastschlaraffenland.ch\/index.php\/wp-json\/wp\/v2\/pages\/7","targetHints":{"allow":["GET"]}}],"collection":[{"href":"https:\/\/bedandbreakfastschlaraffenland.ch\/index.php\/wp-json\/wp\/v2\/pages"}],"about":[{"href":"https:\/\/bedandbreakfastschlaraffenland.ch\/index.php\/wp-json\/wp\/v2\/types\/page"}],"author":[{"embeddable":true,"href":"https:\/\/bedandbreakfastschlaraffenland.ch\/index.php\/wp-json\/wp\/v2\/users\/1"}],"replies":[{"embeddable":true,"href":"https:\/\/bedandbreakfastschlaraffenland.ch\/index.php\/wp-json\/wp\/v2\/comments?post=7"}],"version-history":[{"count":11,"href":"https:\/\/bedandbreakfastschlaraffenland.ch\/index.php\/wp-json\/wp\/v2\/pages\/7\/revisions"}],"predecessor-version":[{"id":2682,"href":"https:\/\/bedandbreakfastschlaraffenland.ch\/index.php\/wp-json\/wp\/v2\/pages\/7\/revisions\/2682"}],"wp:attachment":[{"href":"https:\/\/bedandbreakfastschlaraffenland.ch\/index.php\/wp-json\/wp\/v2\/media?parent=7"}],"curies":[{"name":"wp","href":"https:\/\/api.w.org\/{rel}","templated":true}]}}