{"id":5,"date":"2014-03-18T10:02:39","date_gmt":"2014-03-18T10:02:39","guid":{"rendered":"http:\/\/the7.dream-demo.com\/business\/?page_id=5"},"modified":"2019-01-04T06:51:49","modified_gmt":"2019-01-04T06:51:49","slug":"ueber-uns","status":"publish","type":"page","link":"https:\/\/bedandbreakfastschlaraffenland.ch\/index.php\/ueber-uns\/","title":{"rendered":"\u00dcber uns"},"content":{"rendered":"<p>[vc_row css=&#8220;.vc_custom_1529685649731{padding-top: 70px !important;padding-bottom: 75px !important;}&#8220;][vc_column offset=&#8220;vc_col-lg-offset-0&#8243;][vc_column_text]<\/p>\n<h2 style=\"text-align: center;\">Wir sind verheiratet, haben drei erwachsene Kinder, zwei Hunde und mehrere Katzen. Wir leben und arbeiten in R\u00fcderswil im Emmental.<\/h2>\n<p>[\/vc_column_text][\/vc_column][\/vc_row][vc_row full_height=&#8220;yes&#8220; columns_placement=&#8220;top&#8220; type=&#8220;vc_default&#8220;][vc_column width=&#8220;1\/2&#8243; offset=&#8220;vc_col-lg-6 vc_col-md-6 vc_col-xs-12&#8243; css=&#8220;.vc_custom_1490268456882{padding-bottom: 50px !important;}&#8220;]<div id=\"ultimate-heading-624769d3989253c9f\" class=\"uvc-heading ult-adjust-bottom-margin ultimate-heading-624769d3989253c9f uvc-5272 accent-border-color\" data-hspacer=\"no_spacer\"  data-halign=\"left\" style=\"text-align:left\"><div class=\"uvc-heading-spacer no_spacer\" style=\"top\"><\/div><div class=\"uvc-main-heading ult-responsive\"  data-ultimate-target='.uvc-heading.ultimate-heading-624769d3989253c9f h2'  data-responsive-json-new='{\"font-size\":\"\",\"line-height\":\"\"}' ><h2 style=\"font-weight:normal;margin-bottom:10px;\">Esther Bieri Zulauf<\/h2><\/div><div class=\"uvc-sub-heading ult-responsive\"  data-ultimate-target='.uvc-heading.ultimate-heading-624769d3989253c9f .uvc-sub-heading '  data-responsive-json-new='{\"font-size\":\"\",\"line-height\":\"desktop:28px;\"}'  style=\"font-weight:normal;\"><\/p>\n<h3>Inhaberin und Gesch\u00e4ftsf\u00fchrerin vom Schlaraffenland<\/h3>\n<p><\/div><\/div><div class=\"shortcode-single-image-wrap alignnone  vc_custom_1546584705458\" ><div class=\"shortcode-single-image\"><div class=\"fancy-media-wrap layzr-bg\" style=\"\"><img loading=\"lazy\" decoding=\"async\" class=\"lazy-load preload-me\" src=\"data:image\/svg+xml,%3Csvg%20xmlns%3D&#39;http%3A%2F%2Fwww.w3.org%2F2000%2Fsvg&#39;%20viewBox%3D&#39;0%200%20572%20429&#39;%2F%3E\" data-src=\"https:\/\/bedandbreakfastschlaraffenland.ch\/wp-content\/uploads\/2019\/01\/estherundtoni1-572x429.jpg\" data-srcset=\"https:\/\/bedandbreakfastschlaraffenland.ch\/wp-content\/uploads\/2019\/01\/estherundtoni1-572x429.jpg 572w\" width=\"572\" height=\"429\"  data-dt-location=\"https:\/\/bedandbreakfastschlaraffenland.ch\/estherundtoni1\/\" style=\"\" alt=\"\" \/><\/div><\/div><\/div>[vc_column_text]\u00abLebensmittel\u00bb oder eben Mittel zum Leben, Delikatessen, Feinfood begleiten mich seit meiner Ausbildung in der Hotellerie zur Kauffrau. Durch meine langj\u00e4hrige Arbeit als Partner in unserem Familienbetrieb E. Bieri AG bin ich mit dem Lebensmittelsektor bestens vertraut.<\/p>\n<p>Im 2011 gr\u00fcndete ich zusammen mit meinem Mann Toni Zulauf die Schlaraffenland Handels GmbH. Ganz klein und mit Nichts haben wir angefangen. Die Arbeit f\u00fcr das Schlaraffenland wurde schnell von einer Neben- zur einer Hauptbesch\u00e4ftigung. Im 2013 konnten wir mit dem Laden in unser neues Domizil im Zentrum von R\u00fcderswil umziehen. Ein Traum geht in Erf\u00fcllung. Laden und unser B&amp;B in einem Haus in R\u00fcderswil.<\/p>\n<p>Meine zweite grosse Leidenschaft gilt den sch\u00f6nen Wohnaccessoires, Feines sch\u00f6n verpackt, M\u00f6bel von Riviera Maison, Nordal und anderen mehr. Etwas shabby chic, living at home, Landhaus-Style, auch das ist schlaraffenland.ch.<\/p>\n<p>Ich liebe was ich tue und f\u00fcr mich ist ein Riesengeschenk, dass ich tun kann was ich am liebsten tue und am besten kann. Der Kontakt zu unseren Kunden gibt mir enorm viel.<\/p>\n<p>Webseite: <a href=\"https:\/\/schlaraffenland.ch\" target=\"_blank\" rel=\"noopener\">schlaraffenland.ch<\/a>[\/vc_column_text][\/vc_column][vc_column width=&#8220;1\/2&#8243; offset=&#8220;vc_col-lg-6 vc_col-md-6 vc_col-xs-12&#8243; css=&#8220;.vc_custom_1490268460084{padding-bottom: 50px !important;}&#8220;]<div id=\"ultimate-heading-774769d39892545e8\" class=\"uvc-heading ult-adjust-bottom-margin ultimate-heading-774769d39892545e8 uvc-1589 \" data-hspacer=\"no_spacer\"  data-halign=\"left\" style=\"text-align:left\"><div class=\"uvc-heading-spacer no_spacer\" style=\"top\"><\/div><div class=\"uvc-main-heading ult-responsive\"  data-ultimate-target='.uvc-heading.ultimate-heading-774769d39892545e8 h2'  data-responsive-json-new='{\"font-size\":\"\",\"line-height\":\"\"}' ><h2 style=\"font-weight:normal;\">Toni Zulauf<\/h2><\/div><div class=\"uvc-sub-heading ult-responsive\"  data-ultimate-target='.uvc-heading.ultimate-heading-774769d39892545e8 .uvc-sub-heading '  data-responsive-json-new='{\"font-size\":\"\",\"line-height\":\"\"}'  style=\"font-weight:normal;\"><\/p>\n<h3>Gesch\u00e4ftsf\u00fchrer und Inhaber der Zulauf Media GmbH<\/h3>\n<p><\/div><\/div><div class=\"shortcode-single-image-wrap alignnone  vc_custom_1546584685602\" ><div class=\"shortcode-single-image\"><div class=\"fancy-media-wrap layzr-bg\" style=\"\"><img loading=\"lazy\" decoding=\"async\" class=\"lazy-load preload-me\" src=\"data:image\/svg+xml,%3Csvg%20xmlns%3D&#39;http%3A%2F%2Fwww.w3.org%2F2000%2Fsvg&#39;%20viewBox%3D&#39;0%200%20572%20429&#39;%2F%3E\" data-src=\"https:\/\/bedandbreakfastschlaraffenland.ch\/wp-content\/uploads\/2019\/01\/estherundtoni2-572x429.jpg\" data-srcset=\"https:\/\/bedandbreakfastschlaraffenland.ch\/wp-content\/uploads\/2019\/01\/estherundtoni2-572x429.jpg 572w\" width=\"572\" height=\"429\"  data-dt-location=\"https:\/\/bedandbreakfastschlaraffenland.ch\/estherundtoni2\/\" style=\"\" alt=\"\" \/><\/div><\/div><\/div>[vc_column_text]Neben meinem Job als Internetspezialist koche \u2013 und esse ich leidenschaftlich gern. F\u00fcr das Schlaraffenland.ch produziere ich verschiedenste Produkte mit Selbstgefangenem, Selbsterlegten oder Selbstgefundenem.<\/p>\n<p>Herkunft und respektvoller Umgang mit den Tieren und Pflanzen welche die Basis meiner Homemade-Produkten ausmachen, liegen mir am Herzen. Nachhaltigkeit soll nicht nur ein Schlagwort sein! W\u00fcrste, Senf und N\u00fcsse sind meine Bestseller.<\/p>\n<p>In meiner Freizeit bin ich oft auf der Jagd oder an einem Fluss am Fischen.<\/p>\n<p>Webseite: <a href=\"https:\/\/zulauf-media.ch\" target=\"_blank\" rel=\"noopener\">zulauf-media.ch<\/a>[\/vc_column_text][\/vc_column][\/vc_row]<\/p>\n","protected":false},"excerpt":{"rendered":"<p>[vc_row css=&#8220;.vc_custom_1529685649731{padding-top: 70px !important;padding-bottom: 75px !important;}&#8220;][vc_column offset=&#8220;vc_col-lg-offset-0&#8243;][vc_column_text] Wir sind verheiratet, haben drei erwachsene Kinder, zwei Hunde und mehrere Katzen. Wir leben und arbeiten in R\u00fcderswil im Emmental. [\/vc_column_text][\/vc_column][\/vc_row][vc_row full_height=&#8220;yes&#8220; columns_placement=&#8220;top&#8220; type=&#8220;vc_default&#8220;][vc_column width=&#8220;1\/2&#8243; offset=&#8220;vc_col-lg-6 vc_col-md-6 vc_col-xs-12&#8243; css=&#8220;.vc_custom_1490268456882{padding-bottom: 50px !important;}&#8220;][vc_column_text]\u00abLebensmittel\u00bb oder eben Mittel zum Leben, Delikatessen, Feinfood begleiten mich seit meiner Ausbildung in der Hotellerie zur Kauffrau.&hellip;<\/p>\n","protected":false},"author":1,"featured_media":0,"parent":0,"menu_order":10,"comment_status":"closed","ping_status":"closed","template":"","meta":[],"class_list":["post-5","page","type-page","status-publish","hentry","description-off"],"_links":{"self":[{"href":"https:\/\/bedandbreakfastschlaraffenland.ch\/index.php\/wp-json\/wp\/v2\/pages\/5","targetHints":{"allow":["GET"]}}],"collection":[{"href":"https:\/\/bedandbreakfastschlaraffenland.ch\/index.php\/wp-json\/wp\/v2\/pages"}],"about":[{"href":"https:\/\/bedandbreakfastschlaraffenland.ch\/index.php\/wp-json\/wp\/v2\/types\/page"}],"author":[{"embeddable":true,"href":"https:\/\/bedandbreakfastschlaraffenland.ch\/index.php\/wp-json\/wp\/v2\/users\/1"}],"replies":[{"embeddable":true,"href":"https:\/\/bedandbreakfastschlaraffenland.ch\/index.php\/wp-json\/wp\/v2\/comments?post=5"}],"version-history":[{"count":15,"href":"https:\/\/bedandbreakfastschlaraffenland.ch\/index.php\/wp-json\/wp\/v2\/pages\/5\/revisions"}],"predecessor-version":[{"id":2732,"href":"https:\/\/bedandbreakfastschlaraffenland.ch\/index.php\/wp-json\/wp\/v2\/pages\/5\/revisions\/2732"}],"wp:attachment":[{"href":"https:\/\/bedandbreakfastschlaraffenland.ch\/index.php\/wp-json\/wp\/v2\/media?parent=5"}],"curies":[{"name":"wp","href":"https:\/\/api.w.org\/{rel}","templated":true}]}}