{"id":2761,"date":"2023-08-30T19:33:16","date_gmt":"2023-08-30T19:33:16","guid":{"rendered":"https:\/\/bedandbreakfastschlaraffenland.ch\/?page_id=2761"},"modified":"2023-08-30T19:33:17","modified_gmt":"2023-08-30T19:33:17","slug":"impressum-datenschutz","status":"publish","type":"page","link":"https:\/\/bedandbreakfastschlaraffenland.ch\/index.php\/impressum-datenschutz\/","title":{"rendered":"Impressum &#038; Datenschutz"},"content":{"rendered":"\n<p>Schlaraffenland Handels GmbH<br>Dorfstrasse 149<br>3437 R\u00fcderswil<br>Schweiz<br><strong>E-Mail<\/strong>: bieri@schlaraffenland.ch<br><br><strong>Vertretungsberechtigte Personen<\/strong><br>Esther Bieri<br><br><strong>Name des Unternehmens<\/strong>: Schlaraffenland Handels GmbH<br><br><strong>Datenschutzbeauftragte Person:<\/strong><br>Esther Bieri<br>+41 34 496 57 60<br>bieri@schlaraffenland.ch<br><br><strong>Allgemeines \/ Einleitung<\/strong><br>Gest\u00fctzt auf Artikel 13 der Schweizerischen Bundesverfassung und die datenschutzrechtlichen Bestimmungen des Bundes (Datenschutzgesetz, DSG) hat jede Person Anspruch auf Schutz ihrer Privatsph\u00e4re sowie auf Schutz vor Missbrauch ihrer pers\u00f6nlichen Daten. Die Betreiber dieser Seiten nehmen den Schutz Ihrer pers\u00f6nlichen Daten sehr ernst. Wir behandeln Ihre personenbezogenen Daten vertraulich und entsprechend der gesetzlichen Datenschutzvorschriften sowie dieser Datenschutzerkl\u00e4rung.<br><br>In Zusammenarbeit mit unseren Hosting-Providern bem\u00fchen wir uns, die Datenbanken so gut wie m\u00f6glich vor unberechtigtem Zugriff, Verlust, Missbrauch oder Verf\u00e4lschung zu sch\u00fctzen.<br><br>Wir weisen darauf hin, dass die Daten\u00fcbertragung im Internet (z.B. bei der Kommunikation per E-Mail) Sicherheitsl\u00fccken aufweisen kann. Ein l\u00fcckenloser Schutz der Daten vor dem Zugriff durch Dritte ist nicht m\u00f6glich.<br><br>Durch die Nutzung dieser Website erkl\u00e4ren Sie sich mit der Erhebung, Verarbeitung und Nutzung von Daten gem\u00e4ss der nachfolgenden Beschreibung einverstanden. Diese Website kann grunds\u00e4tzlich ohne Registrierung besucht werden. Daten wie aufgerufene Seiten oder Namen von aufgerufenen Dateien, Datum und Uhrzeit werden zu statistischen Zwecken auf dem Server gespeichert, ohne dass diese Daten unmittelbar auf Ihre Person bezogen werden. Soweit auf unseren Seiten personenbezogene Daten (beispielsweise Name, Anschrift oder eMail-Adressen) erhoben werden, erfolgt dies, soweit m\u00f6glich, stets auf freiwilliger Basis. Diese Daten werden ohne Ihre ausdr\u00fcckliche Zustimmung nicht an Dritte weitergegeben.<br><br><strong>Verarbeitung personenbezogener Daten<\/strong><br>Personenbezogene Daten sind alle Informationen, die sich auf eine identifizierte oder identifizierbare Person beziehen. Eine betroffene Person ist eine Person, \u00fcber die personenbezogene Daten verarbeitet werden. Die Verarbeitung umfasst jeden Umgang mit personenbezogenen Daten, unabh\u00e4ngig von den verwendeten Mitteln und Verfahren, insbesondere die Speicherung, Weitergabe, Beschaffung, L\u00f6schung, Aufbewahrung, Ver\u00e4nderung, Vernichtung und Verwendung personenbezogener Daten.<br><br>Wir verarbeiten personenbezogene Daten in \u00dcbereinstimmung mit dem Schweizer Datenschutzrecht. Sofern und soweit die EU-DSGVO anwendbar ist, verarbeiten wir personenbezogene Daten dar\u00fcber hinaus auf folgenden Rechtsgrundlagen in Verbindung mit Art. 6 (1) GDPR:<br>lit. a) Verarbeitung personenbezogener Daten mit Einwilligung der betroffenen Person.<br>lit. b) Verarbeitung personenbezogener Daten zur Erf\u00fcllung eines Vertrages mit der betroffenen Person sowie zur Durchf\u00fchrung entsprechender vorvertraglicher Massnahmen.<br>lit. c) Verarbeitung personenbezogener Daten zur Erf\u00fcllung einer rechtlichen Verpflichtung, der wir nach geltendem Recht der EU oder nach geltendem Recht eines Landes, in dem die GDPR ganz oder teilweise anwendbar ist, unterliegen.<br>lit. d) Verarbeitung personenbezogener Daten zur Wahrung lebenswichtiger Interessen der betroffenen Person oder einer anderen nat\u00fcrlichen Person.<br>lit. f) Verarbeitung personenbezogener Daten zur Wahrung der berechtigten Interessen von uns oder von Dritten, sofern nicht die Grundfreiheiten und Rechte und Interessen der betroffenen Person \u00fcberwiegen. Zu den berechtigten Interessen geh\u00f6ren insbesondere unser gesch\u00e4ftliches Interesse, unsere Website bereitstellen zu k\u00f6nnen, die Informationssicherheit, die Durchsetzung eigener Rechtsanspr\u00fcche und die Einhaltung des schweizerischen Rechts.<br><br>Wir verarbeiten personenbezogene Daten f\u00fcr die Dauer, die f\u00fcr den jeweiligen Zweck oder die jeweiligen Zwecke erforderlich ist. Bei l\u00e4ngerfristigen Aufbewahrungspflichten aufgrund gesetzlicher und anderer Verpflichtungen, denen wir unterliegen, schr\u00e4nken wir die Bearbeitung entsprechend ein.<br><br><strong>Cookies<\/strong><br>Diese Website verwendet Cookies. Dabei handelt es sich um kleine Textdateien, die es erm\u00f6glichen, spezifische, auf den Nutzer bezogene Informationen auf dem Endger\u00e4t des Nutzers zu speichern, w\u00e4hrend der Nutzer die Website nutzt. Cookies erm\u00f6glichen es insbesondere, die Nutzungsh\u00e4ufigkeit und die Anzahl der Nutzer der Seiten zu ermitteln, Verhaltensmuster der Seitennutzung zu analysieren, aber auch, unser Angebot kundenfreundlicher zu gestalten. Cookies bleiben \u00fcber das Ende einer Browser-Sitzung hinaus gespeichert und k\u00f6nnen bei einem erneuten Besuch der Seite wieder abgerufen werden. Wenn Sie dies nicht w\u00fcnschen, sollten Sie Ihren Internet-Browser so einstellen, dass er die Annahme von Cookies verweigert.<br><br>Ein genereller Widerspruch gegen die Verwendung von Cookies zu Online-Marketing-Zwecken kann f\u00fcr eine Vielzahl der Dienste, insbesondere beim Tracking, \u00fcber die US-Seite http:\/\/www.aboutads.info\/choices\/ oder die EU-Seite http:\/\/www.youronlinechoices.com\/ erkl\u00e4rt werden. Dar\u00fcber hinaus kann die Speicherung von Cookies durch Deaktivierung in den Browsereinstellungen erreicht werden. Bitte beachten Sie, dass in diesem Fall nicht alle Funktionen dieses Online-Angebots genutzt werden k\u00f6nnen.<br><br><strong>Mit SSL\/TLS-Verschl\u00fcsselung<\/strong><br>Diese Website verwendet aus Sicherheitsgr\u00fcnden und zum Schutz der \u00dcbertragung vertraulicher Inhalte, wie z.B. Anfragen, die Sie an uns als Seitenbetreiber senden, eine SSL\/TLS-Verschl\u00fcsselung. Eine verschl\u00fcsselte Verbindung erkennen Sie daran, dass die Adresszeile des Browsers von &#8222;http:\/\/&#8220; auf &#8222;https:\/\/&#8220; wechselt und an dem Schloss-Symbol in Ihrer Browserzeile.<br><br>Wenn die SSL- oder TLS-Verschl\u00fcsselung aktiviert ist, k\u00f6nnen die Daten, die Sie an uns \u00fcbermitteln, nicht von Dritten gelesen werden.<br><br><strong>Server-Log-Dateien<\/strong><br>Der Provider dieser Website erhebt und speichert automatisch Informationen in so genannten Server-Log-Dateien, die Ihr Browser automatisch an uns \u00fcbermittelt. Dies sind:<br>Browsertyp und Browserversion<br>Verwendetes Betriebssystem<br>Referrer URL<br>Hostname des zugreifenden Rechners<br>Zeitpunkt der Serveranfrage<br><br>Diese Daten sind nicht bestimmten Personen zuordenbar. Eine Zusammenf\u00fchrung dieser Daten mit anderen Datenquellen wird nicht vorgenommen. Wir behalten uns vor, diese Daten nachtr\u00e4glich zu pr\u00fcfen, wenn uns konkrete Anhaltspunkte f\u00fcr eine rechtswidrige Nutzung bekannt werden.<br><br><strong>Kontaktformular<\/strong><br>Wenn Sie uns per Kontaktformular Anfragen zukommen lassen, werden Ihre Angaben aus dem Anfrageformular inklusive der von Ihnen dort angegebenen Kontaktdaten zwecks Bearbeitung der Anfrage und f\u00fcr den Fall von Anschlussfragen bei uns gespeichert. Diese Daten geben wir nicht ohne Ihre Einwilligung weiter.<br><br><strong>Newsletter<\/strong><br>Wenn Sie den auf der Webseite angebotenen Newsletter empfangen m\u00f6chten, ben\u00f6tigen wir von Ihnen eine E-Mail-Adresse sowie Informationen, welche uns die \u00dcberpr\u00fcfung gestatten, dass Sie der Inhaber der angegebenen E-Mail-Adresse sind und mit dem Empfang des Newsletters einverstanden sind. Weitere Daten werden nicht erhoben. Diese Daten verwenden wir ausschliesslich f\u00fcr den Versand der angeforderten Informationen und geben sie nicht an Dritte weiter.<br>Nachdem Sie Ihre Einwilligung zur Speicherung der Daten, der E-Mail-Adresse sowie deren Nutzung zum Versand des Newsletters erteilt haben, k\u00f6nnen Sie diese jederzeit widerrufen, etwa \u00fcber den &#8222;Abmeldelink&#8220; im Newsletter.<br><br><strong>Urheberrechte<\/strong><br>Das Urheberrecht und alle anderen Rechte an den Inhalten, Bildern, Fotos oder sonstigen Dateien auf der Website geh\u00f6ren ausschliesslich dem Betreiber dieser Website oder den namentlich genannten Rechteinhabern. F\u00fcr die Vervielf\u00e4ltigung s\u00e4mtlicher Dateien muss vorab die schriftliche Zustimmung der Urheberrechtsinhaber eingeholt werden.<br>Wer ohne Zustimmung der jeweiligen Urheberrechtsinhaber eine Urheberrechtsverletzung begeht, kann sich strafbar machen und unter Umst\u00e4nden Schadenersatzanspr\u00fcche geltend machen.<br><br><strong>Haftungsausschluss<\/strong><br>Alle Angaben auf unserer Website wurden sorgf\u00e4ltig gepr\u00fcft. Wir sind bem\u00fcht, daf\u00fcr Sorge zu tragen, dass die von uns bereitgestellten Informationen aktuell, richtig und vollst\u00e4ndig sind. Dennoch ist das Auftreten von Fehlern nicht v\u00f6llig auszuschliessen, so dass wir f\u00fcr die Vollst\u00e4ndigkeit, Richtigkeit und Aktualit\u00e4t der Informationen, auch journalistisch-redaktioneller Art, keine Gew\u00e4hr \u00fcbernehmen k\u00f6nnen. Haftungsanspr\u00fcche, die sich auf Sch\u00e4den materieller oder ideeller Art beziehen, welche durch die Nutzung oder Nichtnutzung der dargebotenen Informationen bzw. durch die Nutzung fehlerhafter und unvollst\u00e4ndiger Informationen verursacht wurden, sind grunds\u00e4tzlich ausgeschlossen.<br>Der Herausgeber kann Texte nach eigenem Ermessen und ohne vorherige Ank\u00fcndigung \u00e4ndern oder l\u00f6schen und ist nicht dazu verpflichtet, die Inhalte dieser Website zu aktualisieren. Die Nutzung dieser Website bzw. der Zugang zu ihr erfolgt auf eigenes Risiko des Besuchers. Der Herausgeber, seine Kunden oder Partner sind nicht verantwortlich f\u00fcr Sch\u00e4den, wie z.B. direkte, indirekte, zuf\u00e4llige oder Folgesch\u00e4den, die angeblich durch den Besuch dieser Website verursacht wurden und \u00fcbernehmen folglich keine Haftung f\u00fcr solche Sch\u00e4den.<br>Der Herausgeber \u00fcbernimmt auch keine Verantwortung oder Haftung f\u00fcr den Inhalt und die Verf\u00fcgbarkeit von Websites Dritter, die \u00fcber externe Links von dieser Website aus erreicht werden k\u00f6nnen. F\u00fcr den Inhalt der verlinkten Seiten sind ausschliesslich deren Betreiber verantwortlich. Der Herausgeber distanziert sich daher ausdr\u00fccklich von allen fremden Inhalten, die m\u00f6glicherweise straf- oder haftungsrechtlich relevant sind oder gegen die guten Sitten verstossen.<br><br><strong>Google Maps<\/strong><br>Diese Website nutzt das Angebot von Google Maps. Dies erm\u00f6glicht es uns, interaktive Karten direkt auf der Website darzustellen und Ihnen die komfortable Nutzung der Kartenfunktion zu erm\u00f6glichen. Durch den Besuch der Website erh\u00e4lt Google die Information, dass Sie die entsprechende Unterseite unserer Website aufgerufen haben. Dies geschieht unabh\u00e4ngig davon, ob Google ein Nutzerkonto bereitstellt, \u00fcber das Sie eingeloggt sind, oder ob kein Nutzerkonto vorhanden ist. Wenn Sie bei Google eingeloggt sind, werden Ihre Daten direkt Ihrem Konto zugeordnet. Wenn Sie die Zuordnung zu Ihrem Profil bei Google nicht w\u00fcnschen, m\u00fcssen Sie sich vor Aktivierung der Schaltfl\u00e4che ausloggen. Google speichert Ihre Daten als Nutzungsprofile und nutzt sie f\u00fcr Zwecke der Werbung, Marktforschung und\/oder bedarfsgerechten Gestaltung seiner Website. Eine solche Auswertung erfolgt insbesondere (auch f\u00fcr nicht eingeloggte Nutzer) zur Erbringung bedarfsgerechter Werbung und um andere Nutzer des sozialen Netzwerks \u00fcber Ihre Aktivit\u00e4ten auf unserer Website zu informieren. Sie haben das Recht, der Erstellung dieser Nutzerprofile zu widersprechen, wobei Sie sich zur Aus\u00fcbung dieses Rechts an Google wenden m\u00fcssen. N\u00e4here Informationen zu Zweck und Umfang der Datenerhebung und -verarbeitung durch Google sowie weitere Informationen zu Ihren diesbez\u00fcglichen Rechten und Einstellungsm\u00f6glichkeiten zum Schutz Ihrer Privatsph\u00e4re finden Sie unter: www.google.de\/intl\/de\/policies\/privacy.<br><br><strong>Google Analytics<\/strong><br>Diese Website benutzt Google Analytics, einen Webanalysedienst, der von Google Ireland Limited bereitgestellt wird. Befindet sich der f\u00fcr die Datenverarbeitung auf dieser Website Verantwortliche ausserhalb des Europ\u00e4ischen Wirtschaftsraums oder der Schweiz, so wird die Datenverarbeitung von Google Analytics von Google LLC durchgef\u00fchrt. Google LLC und Google Ireland Limited werden im Folgenden als &#8222;Google&#8220; bezeichnet.<br>Die gewonnenen Statistiken erm\u00f6glichen es uns, unser Angebot zu verbessern und f\u00fcr Sie als Nutzer interessanter zu gestalten. Diese Website verwendet Google Analytics auch f\u00fcr eine ger\u00e4te\u00fcbergreifende Analyse der Besucherstr\u00f6me, die \u00fcber eine Benutzerkennung erfolgt. Wenn Sie \u00fcber ein Google-Benutzerkonto verf\u00fcgen, k\u00f6nnen Sie die ger\u00e4te\u00fcbergreifende Analyse Ihrer Nutzung in den dortigen Einstellungen unter &#8222;Meine Daten&#8220;, &#8222;Pers\u00f6nliche Daten&#8220; deaktivieren.<br>Die Rechtsgrundlage f\u00fcr den Einsatz von Google Analytics ist Art. 6 Abs. 1 S. 1 lit. f DS-GVO. Die im Rahmen von Google Analytics von Ihrem Browser \u00fcbermittelte IP-Adresse wird nicht mit anderen Daten von Google zusammengef\u00fchrt. Wir weisen Sie darauf hin, dass auf dieser Website Google Analytics um den Code &#8222;_anonymizeIp();&#8220; erweitert wurde, um eine anonymisierte Erfassung von IP-Adressen zu gew\u00e4hrleisten. Das bedeutet, dass IP-Adressen in gek\u00fcrzter Form verarbeitet werden, so dass sie nicht mit einer bestimmten Person in Verbindung gebracht werden k\u00f6nnen. Sollten die \u00fcber Sie erhobenen Daten einer Person zugeordnet werden k\u00f6nnen, wird dies sofort ausgeschlossen und die personenbezogenen Daten werden umgehend gel\u00f6scht.<br>ur in Ausnahmef\u00e4llen wird die volle IP-Adresse an einen Server von Google in den USA \u00fcbertragen und dort gek\u00fcrzt. Im Auftrag des Betreibers dieser Website wird Google diese Informationen benutzen, um Ihre Nutzung der Website auszuwerten, um Reports \u00fcber die Websiteaktivit\u00e4ten zusammenzustellen und um weitere mit der Websitenutzung und der Internetnutzung verbundene Dienstleistungen gegen\u00fcber dem Websitebetreiber zu erbringen. F\u00fcr die Ausnahmef\u00e4lle, in denen personenbezogene Daten in die USA \u00fcbertragen werden, hat sich Google dem EU-US Privacy Shield unterworfen, https:\/\/www.privacyshield.gov\/EU-US-Framework.<br>Google Analytics verwendet Cookies. Die durch den Cookie erzeugten Informationen \u00fcber Ihre Benutzung dieser Website werden in der Regel an einen Server von Google in den USA \u00fcbertragen und dort gespeichert. Sie k\u00f6nnen die Speicherung der Cookies durch eine entsprechende Einstellung Ihrer Browser-Software verhindern; wir weisen Sie jedoch darauf hin, dass Sie in diesem Fall gegebenenfalls nicht s\u00e4mtliche Funktionen dieser Website vollumf\u00e4nglich werden nutzen k\u00f6nnen. Sie k\u00f6nnen dar\u00fcber hinaus die Erfassung der durch das Cookie erzeugten und auf Ihre Nutzung der Website bezogenen Daten (inkl. Ihrer IP-Adresse) an Google sowie die Verarbeitung dieser Daten durch Google verhindern, indem sie das unter dem folgenden Link verf\u00fcgbare Browser-Plugin herunterladen und installieren: Google Analytics deaktivieren.<br>Dar\u00fcber hinaus k\u00f6nnen Sie auch die Nutzung von Google Analytics verhindern, indem Sie auf diesen Link klicken: Google Analytics deaktivieren. Dadurch wird ein sog. Opt-Out-Cookie auf Ihrem Datentr\u00e4ger gespeichert, der die Verarbeitung personenbezogener Daten durch Google Analytics verhindert. Bitte beachten Sie, dass beim L\u00f6schen aller Cookies auf Ihrem Endger\u00e4t auch diese Opt-Out-Cookies gel\u00f6scht werden, d.h. Sie m\u00fcssen die Opt-Out-Cookies erneut setzen, wenn Sie diese Form der Datenerhebung weiterhin verhindern wollen. Die Opt-Out-Cookies werden pro Browser und Computer\/Endger\u00e4t gesetzt und m\u00fcssen daher f\u00fcr jeden Browser, Computer oder jedes andere Endger\u00e4t separat aktiviert werden.<br><br><strong>Google TagManager<\/strong><br>Der Google Tag Manager ist eine L\u00f6sung, mit der wir \u00fcber eine Schnittstelle sogenannte Website-Tags verwalten und so z.B. Google Analytics und andere Google-Marketingdienste in unser Online-Angebot integrieren k\u00f6nnen. Der Tag Manager selbst, der die Tags implementiert, verarbeitet keine personenbezogenen Daten der Nutzer. Hinsichtlich der Verarbeitung personenbezogener Daten der Nutzer verweisen wir auf die folgenden Informationen zu den Google-Diensten. Verwendungsrichtlinien: https:\/\/www.google.com\/intl\/de\/tagmanager\/use-policy.html.<br><br><strong>Facebook<\/strong><br>Diese Website nutzt Funktionen der Facebook Inc, 1601 S. California Ave, Palo Alto, CA 94304, USA . Wenn Sie unsere Seiten mit Facebook-Plugins aufrufen, wird eine Verbindung zwischen Ihrem Browser und den Facebook-Servern hergestellt. Dabei werden bereits Daten an Facebook \u00fcbermittelt. Wenn Sie ein Facebook-Konto besitzen, k\u00f6nnen diese Daten mit diesem verkn\u00fcpft werden. Wenn Sie nicht m\u00f6chten, dass diese Daten mit Ihrem Facebook-Konto verkn\u00fcpft werden, loggen Sie sich bitte vor dem Besuch unserer Seite bei Facebook aus. Interaktionen, insbesondere die Nutzung einer Kommentarfunktion oder das Anklicken eines &#8222;Gef\u00e4llt mir&#8220;- oder &#8222;Teilen&#8220;-Buttons, werden ebenfalls an Facebook weitergeleitet. Mehr dazu erfahren Sie unter https:\/\/de-de.facebook.com\/about\/privacy.<br><br><strong>Instagram<\/strong><br>Auf unserer Website sind Funktionen des Dienstes Instagram eingebunden. Diese Funktionen werden angeboten durch die Instagram Inc., 1601 Willow Road, Menlo Park, CA, 94025, USA. Wenn Sie in Ihrem Instagram-Account eingeloggt sind, k\u00f6nnen Sie die Inhalte unserer Seiten auf Ihrem Instagram-Profil verlinken, indem Sie den Instagram-Button anklicken. Dadurch kann Instagram den Besuch unserer Seiten Ihrem Benutzerkonto zuordnen. Wir weisen darauf hin, dass wir als Anbieter der Seiten keine Kenntnis vom Inhalt der \u00fcbermittelten Daten sowie deren Nutzung durch Instagram erhalten. Weitere Informationen finden Sie in den Datenschutzbestimmungen von Instagram: http:\/\/instagram.com\/about\/legal\/privacy\/<br><br><strong>Newsletter versenden &#8211; Mailchimp<\/strong><br>Der Versand des Newsletters erfolgt \u00fcber den Versanddienstleister &#8218;MailChimp&#8216;, eine Newsletter-Versandplattform des US-Anbieters Rocket Science Group, LLC, 675 Ponce De Leon Ave NE #5000, Atlanta, GA 30308, USA. Die Datenschutzbestimmungen des Versanddienstleisters k\u00f6nnen Sie hier einsehen. Die Rocket Science Group LLC d\/b\/a MailChimp ist unter dem Privacy-Shield-Abkommen zertifiziert und bietet damit eine Garantie zur Einhaltung des europ\u00e4ischen Datenschutzniveaus (PrivacyShield). Die Nutzung des Versanddienstleisters erfolgt auf Grundlage unserer berechtigten Interessen gem. Art. 6 Abs.. 1 lit. f DSGVO und einer Auftragsverarbeitungsvereinbarung gem\u00e4ss Art. 28 Abs.. 3 S. 1 DSGVO.<br><br>Der Versanddienstleister darf die Daten der Empf\u00e4nger in pseudonymer Form, d.h. ohne Zuordnung zu einem Nutzer, zur Optimierung oder Verbesserung der eigenen Dienste, z.B. zur technischen Optimierung des Versandes und der Darstellung der Newsletter oder zu statistischen Zwecken verwenden. Der Versanddienstleister nutzt die Daten unserer Newsletter-Empf\u00e4nger jedoch nicht, um diese selbst anzuschreiben oder an Dritte weiterzugeben.<br><br><strong>YouTube<\/strong><br>Auf dieser Website sind Funktionen des Dienstes &#8222;YouTube&#8220; integriert. &#8222;YouTube&#8220; ist Eigentum von Google Ireland Limited, einem nach irischem Recht gegr\u00fcndeten und betriebenen Unternehmen mit Sitz in Gordon House, Barrow Street, Dublin 4, Irland, das die Dienste im Europ\u00e4ischen Wirtschaftsraum und in der Schweiz betreibt.<br>Ihre rechtliche Vereinbarung mit &#8222;YouTube&#8220; besteht aus den Bedingungen, die Sie unter dem folgenden Link finden: https:\/\/www.youtube.com\/static?gl=de&amp;template=terms&amp;hl=de. Diese Bedingungen stellen eine rechtsverbindliche Vereinbarung zwischen Ihnen und &#8222;YouTube&#8220; bez\u00fcglich Ihrer Nutzung der Dienste dar. In den Datenschutzbestimmungen von Google wird erl\u00e4utert, wie &#8222;YouTube&#8220; Ihre pers\u00f6nlichen Daten behandelt und sch\u00fctzt, wenn Sie den Dienst nutzen.<br><br><strong>Daten\u00fcbermittlung in die USA<\/strong><br>Auf unserer Website sind u.a. Tools von Unternehmen mit Sitz in den USA eingebunden. Wenn diese Tools aktiv sind, k\u00f6nnen Ihre personenbezogenen Daten an die US-Server der jeweiligen Unternehmen \u00fcbertragen werden. Wir weisen darauf hin, dass die USA kein sicherer Drittstaat im Sinne des EU-Datenschutzrechts sind. US-Unternehmen sind verpflichtet, personenbezogene Daten an Sicherheitsbeh\u00f6rden herauszugeben, ohne dass Sie als Betroffener dagegen rechtlich vorgehen k\u00f6nnen. Es kann daher nicht ausgeschlossen werden, dass US-Beh\u00f6rden (z.B. Geheimdienste) Ihre auf US-Servern befindlichen Daten zu \u00dcberwachungszwecken verarbeiten, auswerten und dauerhaft speichern. Auf diese Verarbeitungsvorg\u00e4nge haben wir keinen Einfluss.<br><br><strong>\u00c4nderungen<\/strong><br>Wir k\u00f6nnen diese Datenschutzrichtlinie jederzeit ohne vorherige Ank\u00fcndigung \u00e4ndern. Es gilt die jeweils aktuelle, auf unserer Website ver\u00f6ffentlichte Fassung. Soweit die Datenschutzerkl\u00e4rung Teil einer Vereinbarung mit Ihnen ist, werden wir Sie im Falle einer Aktualisierung per E-Mail oder auf andere geeignete Weise \u00fcber die \u00c4nderung informieren.<br><br><strong>Haftungsausschluss<\/strong><br>Der Autor \u00fcbernimmt keine Gew\u00e4hr f\u00fcr die Richtigkeit, Genauigkeit, Aktualit\u00e4t, Zuverl\u00e4ssigkeit und Vollst\u00e4ndigkeit der Informationen.<br>Haftungsanspr\u00fcche gegen den Autor wegen Sch\u00e4den materieller oder immaterieller Art, die aus dem Zugriff oder der Nutzung bzw. Nichtnutzung der ver\u00f6ffentlichten Informationen, durch Missbrauch der Verbindung oder durch technische St\u00f6rungen entstanden sind, werden ausgeschlossen.<br><br>Alle Angebote sind freibleibend. Der Autor beh\u00e4lt es sich ausdr\u00fccklich vor, Teile der Seiten oder das gesamte Angebot ohne gesonderte Ank\u00fcndigung zu ver\u00e4ndern, zu erg\u00e4nzen, zu l\u00f6schen oder die Ver\u00f6ffentlichung zeitweise oder endg\u00fcltig einzustellen.<br><br><strong>Quelle<\/strong>: <a href=\"https:\/\/brainbox.swiss\/\">BrainBox Solutions<\/a><\/p>\n","protected":false},"excerpt":{"rendered":"<p>Schlaraffenland Handels GmbHDorfstrasse 1493437 R\u00fcderswilSchweizE-Mail: bieri@schlaraffenland.ch Vertretungsberechtigte PersonenEsther Bieri Name des Unternehmens: Schlaraffenland Handels GmbH Datenschutzbeauftragte Person:Esther Bieri+41 34 496 57 60bieri@schlaraffenland.ch Allgemeines \/ EinleitungGest\u00fctzt auf Artikel 13 der Schweizerischen Bundesverfassung und die datenschutzrechtlichen Bestimmungen des Bundes (Datenschutzgesetz, DSG) hat jede Person Anspruch auf Schutz ihrer Privatsph\u00e4re sowie auf Schutz vor Missbrauch ihrer pers\u00f6nlichen Daten.&hellip;<\/p>\n","protected":false},"author":1,"featured_media":0,"parent":0,"menu_order":0,"comment_status":"closed","ping_status":"closed","template":"","meta":[],"class_list":["post-2761","page","type-page","status-publish","hentry","description-off"],"_links":{"self":[{"href":"https:\/\/bedandbreakfastschlaraffenland.ch\/index.php\/wp-json\/wp\/v2\/pages\/2761","targetHints":{"allow":["GET"]}}],"collection":[{"href":"https:\/\/bedandbreakfastschlaraffenland.ch\/index.php\/wp-json\/wp\/v2\/pages"}],"about":[{"href":"https:\/\/bedandbreakfastschlaraffenland.ch\/index.php\/wp-json\/wp\/v2\/types\/page"}],"author":[{"embeddable":true,"href":"https:\/\/bedandbreakfastschlaraffenland.ch\/index.php\/wp-json\/wp\/v2\/users\/1"}],"replies":[{"embeddable":true,"href":"https:\/\/bedandbreakfastschlaraffenland.ch\/index.php\/wp-json\/wp\/v2\/comments?post=2761"}],"version-history":[{"count":1,"href":"https:\/\/bedandbreakfastschlaraffenland.ch\/index.php\/wp-json\/wp\/v2\/pages\/2761\/revisions"}],"predecessor-version":[{"id":2762,"href":"https:\/\/bedandbreakfastschlaraffenland.ch\/index.php\/wp-json\/wp\/v2\/pages\/2761\/revisions\/2762"}],"wp:attachment":[{"href":"https:\/\/bedandbreakfastschlaraffenland.ch\/index.php\/wp-json\/wp\/v2\/media?parent=2761"}],"curies":[{"name":"wp","href":"https:\/\/api.w.org\/{rel}","templated":true}]}}