{"id":2541,"date":"2019-01-02T09:46:59","date_gmt":"2019-01-02T09:46:59","guid":{"rendered":"http:\/\/bedandbreakfastschlaraffenland.dev-zulauf.ch\/wordpress\/?page_id=2541"},"modified":"2023-07-24T08:52:27","modified_gmt":"2023-07-24T08:52:27","slug":"preise","status":"publish","type":"page","link":"https:\/\/bedandbreakfastschlaraffenland.ch\/index.php\/preise\/","title":{"rendered":"Preise"},"content":{"rendered":"<p>[vc_row][vc_column][vc_column_text]<\/p>\n<h2 style=\"text-align: center;\"><span class=\"_1r804a6o\">Dein neues Zuhause mitten im wundersch\u00f6nen Emmental, da wo die Welt am Sch\u00f6nsten ist. Neu renovierte, gem\u00fctliche B&amp;B Unterkunft 1-5 Personen. <\/span><\/h2>\n<p>[\/vc_column_text][vc_column_text]<\/p>\n<div>\n<div>\n<div>\n<div dir=\"ltr\">\n<p class=\"_6z3til\"><span class=\"_1r804a6o\">Wandern, biken, schlemmen, Ferien, Kultur und Tradition in einer paradisisch, l\u00e4ndlichen Umgebung. Grosse neue K\u00fcche, viel Platz im ganzen Apartment. R\u00fcderswil hat einen gesch\u00fctzen Dorfkern und ist eines der sch\u00f6nsten D\u00f6rfer \u00fcberhaupt im Emmental. Ideal f\u00fcr lange Spazierg\u00e4nge. Besuch beim Bauern? Kein Problem. Ruhig f\u00fcr Familien und Gesch\u00e4ftsreisende.<\/span><\/p>\n<\/div>\n<\/div>\n<\/div>\n<\/div>\n<div>\n<div>\n<div>\n<div class=\"_x01z5ll\">\n<div>\n<div>\n<div>\n<div>\n<div dir=\"ltr\">\n<p class=\"_6z3til\"><span class=\"_1r804a6o\">Sleeping in Emmental. Schlafen mitten im Emmental. Mit viel Gesp\u00fcr renovierte, gem\u00fctlich Wohnung. Neue K\u00fcche, neues Bad und Zimmer wie zu Gotthelfs Zeiten. Viel Holz und viel Gem\u00fctlichkeit. Sie f\u00fchlen sich zuhause. Sie k\u00f6nnen das ganze Apartement buchen und sind ganz f\u00fcr sich. Wir f\u00fcllen Ihnen den K\u00fchlschrank mit Delikatessen aus dem Schlaraffenland.ch.<\/span><\/p>\n<p><strong>95 % der letzten G\u00e4ste haben die Lage dieser Unterkunft mit 5 Sternen bewertet<\/strong>!<\/p>\n<p>Esther vom Schlaraffenland.ch ist ein Superhost!<br \/>\nSuperhosts sind erfahrene, sehr gut bewertete Gastgeber, die alles geben, um ihren G\u00e4sten gro\u00dfartige Aufenthalte zu erm\u00f6glichen.<\/p>\n<\/div>\n<\/div>\n<\/div>\n<\/div>\n<\/div>\n<\/div>\n<\/div>\n<\/div>\n<\/div>\n<p><strong>\u00a0<\/strong>[\/vc_column_text][\/vc_column][\/vc_row][vc_row][vc_column width=&#8220;2\/3&#8243;]<div class=\"hr-thin style-dashed\" style=\"width: 100%;border-top-width: 1px;\"><\/div>[vc_column_text]<strong>1 Gast f\u00fcr eine Nacht<\/strong>[\/vc_column_text]<div class=\"hr-thin style-dashed\" style=\"width: 100%;border-top-width: 1px;\"><\/div>[vc_column_text]<strong>2 G\u00e4ste f\u00fcr eine Nacht<\/strong>[\/vc_column_text]<div class=\"hr-thin style-dashed\" style=\"width: 100%;border-top-width: 1px;\"><\/div>[\/vc_column][vc_column width=&#8220;1\/3&#8243;]<div class=\"hr-thin style-dashed\" style=\"width: 100%;border-top-width: 1px;\"><\/div>[vc_column_text]<strong>100 CHF<\/strong>[\/vc_column_text]<div class=\"hr-thin style-dashed\" style=\"width: 100%;border-top-width: 1px;\"><\/div>[vc_column_text]<strong>160 CHF<\/strong>[\/vc_column_text]<div class=\"hr-thin style-dashed\" style=\"width: 100%;border-top-width: 1px;\"><\/div>[\/vc_column][\/vc_row][vc_row][vc_column]<div class=\" ubtn-ctn-center \"><a class=\"ubtn-link ult-adjust-bottom-margin ubtn-center ubtn-large \" href=\"https:\/\/www.airbnb.ch\/rooms\/1741840?adults=1&guests=1\" target=\"_blank\" rel=\"noopener\" ><button type=\"button\" id=\"ubtn-3207\"  class=\"ubtn ult-adjust-bottom-margin ult-responsive ubtn-large ubtn-no-hover-bg  none  ubtn-center   tooltip-69d341d023c8f\"  data-hover=\"\" data-border-color=\"\" data-bg=\"#1e73be\" data-hover-bg=\"#164089\" data-border-hover=\"\" data-shadow-hover=\"\" data-shadow-click=\"none\" data-shadow=\"\" data-shd-shadow=\"\"  data-ultimate-target='#ubtn-3207'  data-responsive-json-new='{\"font-size\":\"desktop:20px;\",\"line-height\":\"desktop:28px;\"}'  style=\"font-weight:normal;border:none;background: #1e73be;color: #ffffff;\"><span class=\"ubtn-hover\" style=\"background-color:#164089\"><\/span><span class=\"ubtn-data ubtn-text \" >Jetzt direkt buchen \u00fcber Airbnb<\/span><\/button><\/a><\/div>[vc_column_text css=&#8220;.vc_custom_1690188626817{padding-top: 40px !important;padding-bottom: 60px !important;}&#8220;]<strong>Das B&amp;B Schlaraffenland ist nur ab 2 N\u00e4chten buchbar!<\/strong><\/p>\n<p><strong>Sie k\u00f6nnen bei mir direkt buchen oder \u00fcber eine Buchungsplattform. Direktbuchen unter: +41 (0)79 667 36 87<\/strong>[\/vc_column_text][\/vc_column][\/vc_row]<\/p>\n","protected":false},"excerpt":{"rendered":"<p>[vc_row][vc_column][vc_column_text] Dein neues Zuhause mitten im wundersch\u00f6nen Emmental, da wo die Welt am Sch\u00f6nsten ist. Neu renovierte, gem\u00fctliche B&amp;B Unterkunft 1-5 Personen. [\/vc_column_text][vc_column_text] Wandern, biken, schlemmen, Ferien, Kultur und Tradition in einer paradisisch, l\u00e4ndlichen Umgebung. Grosse neue K\u00fcche, viel Platz im ganzen Apartment. R\u00fcderswil hat einen gesch\u00fctzen Dorfkern und ist eines der sch\u00f6nsten D\u00f6rfer \u00fcberhaupt&hellip;<\/p>\n","protected":false},"author":1,"featured_media":0,"parent":0,"menu_order":0,"comment_status":"closed","ping_status":"closed","template":"","meta":[],"class_list":["post-2541","page","type-page","status-publish","hentry","description-off"],"_links":{"self":[{"href":"https:\/\/bedandbreakfastschlaraffenland.ch\/index.php\/wp-json\/wp\/v2\/pages\/2541","targetHints":{"allow":["GET"]}}],"collection":[{"href":"https:\/\/bedandbreakfastschlaraffenland.ch\/index.php\/wp-json\/wp\/v2\/pages"}],"about":[{"href":"https:\/\/bedandbreakfastschlaraffenland.ch\/index.php\/wp-json\/wp\/v2\/types\/page"}],"author":[{"embeddable":true,"href":"https:\/\/bedandbreakfastschlaraffenland.ch\/index.php\/wp-json\/wp\/v2\/users\/1"}],"replies":[{"embeddable":true,"href":"https:\/\/bedandbreakfastschlaraffenland.ch\/index.php\/wp-json\/wp\/v2\/comments?post=2541"}],"version-history":[{"count":19,"href":"https:\/\/bedandbreakfastschlaraffenland.ch\/index.php\/wp-json\/wp\/v2\/pages\/2541\/revisions"}],"predecessor-version":[{"id":2759,"href":"https:\/\/bedandbreakfastschlaraffenland.ch\/index.php\/wp-json\/wp\/v2\/pages\/2541\/revisions\/2759"}],"wp:attachment":[{"href":"https:\/\/bedandbreakfastschlaraffenland.ch\/index.php\/wp-json\/wp\/v2\/media?parent=2541"}],"curies":[{"name":"wp","href":"https:\/\/api.w.org\/{rel}","templated":true}]}}